{"id":197,"date":"2019-03-13T17:29:00","date_gmt":"2019-03-13T16:29:00","guid":{"rendered":"https:\/\/www.ksz2019.de\/?page_id=197"},"modified":"2019-05-29T16:48:45","modified_gmt":"2019-05-29T14:48:45","slug":"kontakt","status":"publish","type":"page","link":"https:\/\/www.ksz2019.de\/english\/kontakt\/","title":{"rendered":"Contact"},"content":{"rendered":"\t\t<div data-elementor-type=\"wp-post\" data-elementor-id=\"197\" class=\"elementor elementor-197\" data-elementor-post-type=\"page\">\n\t\t\t\t\t\t<section class=\"elementor-section elementor-top-section elementor-element elementor-element-06c1be2 elementor-section-content-middle elementor-section-boxed elementor-section-height-default elementor-section-height-default\" data-id=\"06c1be2\" data-element_type=\"section\" data-e-type=\"section\" data-settings=\"{&quot;background_background&quot;:&quot;classic&quot;}\">\n\t\t\t\t\t\t<div class=\"elementor-container elementor-column-gap-default\">\n\t\t\t\t\t<div class=\"elementor-column elementor-col-100 elementor-top-column elementor-element elementor-element-61444ae\" data-id=\"61444ae\" data-element_type=\"column\" data-e-type=\"column\">\n\t\t\t<div class=\"elementor-widget-wrap elementor-element-populated\">\n\t\t\t\t\t\t<div class=\"elementor-element elementor-element-93ebf89 elementor-widget elementor-widget-spacer\" data-id=\"93ebf89\" data-element_type=\"widget\" data-e-type=\"widget\" data-widget_type=\"spacer.default\">\n\t\t\t\t<div class=\"elementor-widget-container\">\n\t\t\t\t\t\t\t<div class=\"elementor-spacer\">\n\t\t\t<div class=\"elementor-spacer-inner\"><\/div>\n\t\t<\/div>\n\t\t\t\t\t\t<\/div>\n\t\t\t\t<\/div>\n\t\t\t\t<div class=\"elementor-element elementor-element-697b284 elementor-widget elementor-widget-spacer\" data-id=\"697b284\" data-element_type=\"widget\" data-e-type=\"widget\" data-widget_type=\"spacer.default\">\n\t\t\t\t<div class=\"elementor-widget-container\">\n\t\t\t\t\t\t\t<div class=\"elementor-spacer\">\n\t\t\t<div class=\"elementor-spacer-inner\"><\/div>\n\t\t<\/div>\n\t\t\t\t\t\t<\/div>\n\t\t\t\t<\/div>\n\t\t\t\t\t<\/div>\n\t\t<\/div>\n\t\t\t\t\t<\/div>\n\t\t<\/section>\n\t\t\t\t<section class=\"elementor-section elementor-top-section elementor-element elementor-element-4fde395 elementor-section-boxed elementor-section-height-default elementor-section-height-default\" data-id=\"4fde395\" data-element_type=\"section\" data-e-type=\"section\">\n\t\t\t\t\t\t<div class=\"elementor-container elementor-column-gap-default\">\n\t\t\t\t\t<div class=\"elementor-column elementor-col-50 elementor-top-column elementor-element elementor-element-b5de5b4\" data-id=\"b5de5b4\" data-element_type=\"column\" data-e-type=\"column\">\n\t\t\t<div class=\"elementor-widget-wrap elementor-element-populated\">\n\t\t\t\t\t\t<div class=\"elementor-element elementor-element-10c6e6b elementor-widget elementor-widget-heading\" data-id=\"10c6e6b\" data-element_type=\"widget\" data-e-type=\"widget\" data-widget_type=\"heading.default\">\n\t\t\t\t<div class=\"elementor-widget-container\">\n\t\t\t\t\t<h1 class=\"elementor-heading-title elementor-size-default\">Kontakt<\/h1>\t\t\t\t<\/div>\n\t\t\t\t<\/div>\n\t\t\t\t<div class=\"elementor-element elementor-element-785aaaa elementor-widget elementor-widget-text-editor\" data-id=\"785aaaa\" data-element_type=\"widget\" data-e-type=\"widget\" data-widget_type=\"text-editor.default\">\n\t\t\t\t<div class=\"elementor-widget-container\">\n\t\t\t\t\t\t\t\t\t<p>Wir freuen uns auf eine wundersch\u00f6nes Wochenende in B\u00fcckeburg!<br \/>Falls Sie R\u00fcckfragen zur Organisation, Programm oder Sonstigen haben, <a href=\"#kontaktformular\">nutzen Sie bitte unser Kontaktformular.<\/a><\/p><p><span style=\"color: #333333; font-size: 1.375rem;\">Die Meldungen zu den Schauen finden Sie hier:<\/span><\/p><p><a href=\"https:\/\/www.macshot.de\/adrk1\" target=\"_blank\" rel=\"noopener\">Meldung 1. Donatus-Schau<\/a><br \/><a href=\"https:\/\/adrk.caniva.com\/event\/5963\/49--Klubsieger-Zuchtschau\/\" target=\"_blank\" rel=\"noopener\">Meldung 49. Klubsieger-Zuchtschau<\/a><span style=\"font-size: 1rem;\">\u00a0 \u00a0 \u00a0 \u00a0 \u00a0 \u00a0 \u00a0 \u00a0 \u00a0 \u00a0 \u00a0 \u00a0 \u00a0 \u00a0 \u00a0 \u00a0 \u00a0 \u00a0 \u00a0 \u00a0 \u00a0 \u00a0 \u00a0 \u00a0 \u00a0 \u00a0 \u00a0 \u00a0 \u00a0 \u00a0 \u00a0 \u00a0 \u00a0 \u00a0 \u00a0 \u00a0 \u00a0 \u00a0 \u00a0 \u00a0 \u00a0 \u00a0 \u00a0 \u00a0 \u00a0 \u00a0<\/span><\/p>\t\t\t\t\t\t\t\t<\/div>\n\t\t\t\t<\/div>\n\t\t\t\t\t<\/div>\n\t\t<\/div>\n\t\t\t\t<div class=\"elementor-column elementor-col-50 elementor-top-column elementor-element elementor-element-86dc729\" data-id=\"86dc729\" data-element_type=\"column\" data-e-type=\"column\">\n\t\t\t<div class=\"elementor-widget-wrap elementor-element-populated\">\n\t\t\t\t\t\t<div class=\"elementor-element elementor-element-f09c662 elementor-hidden-phone elementor-widget elementor-widget-image\" data-id=\"f09c662\" data-element_type=\"widget\" data-e-type=\"widget\" data-widget_type=\"image.default\">\n\t\t\t\t<div class=\"elementor-widget-container\">\n\t\t\t\t\t\t\t\t\t\t\t\t\t\t\t<img fetchpriority=\"high\" decoding=\"async\" width=\"740\" height=\"584\" src=\"https:\/\/www.ksz2019.de\/wp-content\/uploads\/2019\/03\/Cherny_ritsar_djurdana.jpg\" class=\"attachment-large size-large wp-image-110\" alt=\"\" srcset=\"https:\/\/www.ksz2019.de\/wp-content\/uploads\/2019\/03\/Cherny_ritsar_djurdana.jpg 987w, https:\/\/www.ksz2019.de\/wp-content\/uploads\/2019\/03\/Cherny_ritsar_djurdana-150x118.jpg 150w, https:\/\/www.ksz2019.de\/wp-content\/uploads\/2019\/03\/Cherny_ritsar_djurdana-300x237.jpg 300w, https:\/\/www.ksz2019.de\/wp-content\/uploads\/2019\/03\/Cherny_ritsar_djurdana-768x606.jpg 768w\" sizes=\"100vw\" \/>\t\t\t\t\t\t\t\t\t\t\t\t\t\t\t<\/div>\n\t\t\t\t<\/div>\n\t\t\t\t\t<\/div>\n\t\t<\/div>\n\t\t\t\t\t<\/div>\n\t\t<\/section>\n\t\t\t\t<section class=\"elementor-section elementor-top-section elementor-element elementor-element-a074550 elementor-section-boxed elementor-section-height-default elementor-section-height-default\" data-id=\"a074550\" data-element_type=\"section\" data-e-type=\"section\">\n\t\t\t\t\t\t<div class=\"elementor-container elementor-column-gap-default\">\n\t\t\t\t\t<div class=\"elementor-column elementor-col-100 elementor-top-column elementor-element elementor-element-c68af47\" data-id=\"c68af47\" data-element_type=\"column\" data-e-type=\"column\">\n\t\t\t<div class=\"elementor-widget-wrap elementor-element-populated\">\n\t\t\t\t\t\t<div class=\"elementor-element elementor-element-3601ee2 elementor-widget elementor-widget-heading\" data-id=\"3601ee2\" data-element_type=\"widget\" data-e-type=\"widget\" data-widget_type=\"heading.default\">\n\t\t\t\t<div class=\"elementor-widget-container\">\n\t\t\t\t\t<h2 class=\"elementor-heading-title elementor-size-default\">Ver\u00f6ffentlichung in den beiden Schaukatalogen<\/h2>\t\t\t\t<\/div>\n\t\t\t\t<\/div>\n\t\t\t\t<div class=\"elementor-element elementor-element-dc1d0f2 elementor-widget elementor-widget-text-editor\" data-id=\"dc1d0f2\" data-element_type=\"widget\" data-e-type=\"widget\" data-widget_type=\"text-editor.default\">\n\t\t\t\t<div class=\"elementor-widget-container\">\n\t\t\t\t\t\t\t\t\t<p><strong>Wenn sie Ihren Zwinger, Rottweiler oder Ihr Unternehmen, etc. einem gro\u00dfem Kreis von Rottweilerfreunden bekanntmachen wollen, besteht die M\u00f6glichkeit eine Anzeige in beiden Katalogen der 1. Donatus Schau 2019 &amp; der 49. Klubsiegerzuchtschau 2019 zu ver\u00f6ffentlichen.<\/strong><\/p><p>Hierf\u00fcr nehmen Sie bitte Kontakt auf bei Claudia Kamp oder bei Ute Oestermann-Hugo unter folgender E-Mail: <a href=\"mailto:ksz2019@rottweiler-team.de\">ksz2019@rottweiler-team.de<\/a><\/p><p>Senden Sie uns bitte eine druckf\u00e4hige Vorlage bis zum 01. August 2019 (m\u00f6glichst als PDF Datei) per E-Mail unter folgender E-Mail: <a href=\"mailto:ksz2019@rottweiler-team.de\">ksz2019@rottweiler-team.de<\/a> zu. <\/p>\t\t\t\t\t\t\t\t<\/div>\n\t\t\t\t<\/div>\n\t\t\t\t<section class=\"elementor-section elementor-inner-section elementor-element elementor-element-cfc8402 elementor-section-boxed elementor-section-height-default elementor-section-height-default\" data-id=\"cfc8402\" data-element_type=\"section\" data-e-type=\"section\">\n\t\t\t\t\t\t<div class=\"elementor-container elementor-column-gap-default\">\n\t\t\t\t\t<div class=\"elementor-column elementor-col-50 elementor-inner-column elementor-element elementor-element-96778aa\" data-id=\"96778aa\" data-element_type=\"column\" data-e-type=\"column\">\n\t\t\t<div class=\"elementor-widget-wrap elementor-element-populated\">\n\t\t\t\t\t\t<div class=\"elementor-element elementor-element-715dac7 elementor-widget elementor-widget-text-editor\" data-id=\"715dac7\" data-element_type=\"widget\" data-e-type=\"widget\" data-widget_type=\"text-editor.default\">\n\t\t\t\t<div class=\"elementor-widget-container\">\n\t\t\t\t\t\t\t\t\t<p><strong><span style=\"font-size: 1rem;\">F\u00fcr die Ver\u00f6ffentlichungen berechnen wir:<\/span><\/strong><\/p><p>DIN A5 Doppelseite 120,00 \u20ac<br \/>DIN A5 Vollseite\u00a0 \u00a0 \u00a0 \u00a0 \u00a080,00 \u20ac<br \/>DIN A5 Halbseite\u00a0 \u00a0 \u00a0 \u00a0 40,00 \u20ac<\/p>\t\t\t\t\t\t\t\t<\/div>\n\t\t\t\t<\/div>\n\t\t\t\t\t<\/div>\n\t\t<\/div>\n\t\t\t\t<div class=\"elementor-column elementor-col-50 elementor-inner-column elementor-element elementor-element-b151c6a\" data-id=\"b151c6a\" data-element_type=\"column\" data-e-type=\"column\">\n\t\t\t<div class=\"elementor-widget-wrap elementor-element-populated\">\n\t\t\t\t\t\t<div class=\"elementor-element elementor-element-76fefa2 elementor-widget elementor-widget-text-editor\" data-id=\"76fefa2\" data-element_type=\"widget\" data-e-type=\"widget\" data-widget_type=\"text-editor.default\">\n\t\t\t\t<div class=\"elementor-widget-container\">\n\t\t\t\t\t\t\t\t\t<p><strong><span style=\"font-size: 1rem;\">Bitte nutzen Sie nachfolgende Bankverbindung:<\/span><\/strong><\/p><p>Bank: Sparkasse Schaumburg<br \/>IBAN: DE12 2555 1480 0313 5567 48<br \/>SWIFT -BIC : NOLADE21SHG<span style=\"font-size: 1rem;\">\u00a0 \u00a0 \u00a0\u00a0<\/span><\/p><p>Verwendungszweck: &#8220;Werbung&#8221; mit Namen, Firmennamen und \/ oder Zwingernamen sowie die Gr\u00f6\u00dfe der Anzeige im Katalog.\u00a0 \u00a0 \u00a0 \u00a0 \u00a0 \u00a0 \u00a0 \u00a0 \u00a0 \u00a0 \u00a0 \u00a0 \u00a0 \u00a0 \u00a0 \u00a0 \u00a0 \u00a0 \u00a0 \u00a0 \u00a0 \u00a0 \u00a0 \u00a0 \u00a0 \u00a0 \u00a0 \u00a0 \u00a0 \u00a0 \u00a0 \u00a0 \u00a0 \u00a0 \u00a0 \u00a0 \u00a0 \u00a0 \u00a0 \u00a0 \u00a0 \u00a0 \u00a0 \u00a0 \u00a0 \u00a0 \u00a0 \u00a0 \u00a0 \u00a0 \u00a0 \u00a0 \u00a0 \u00a0 \u00a0 \u00a0 \u00a0 \u00a0 \u00a0<\/p>\t\t\t\t\t\t\t\t<\/div>\n\t\t\t\t<\/div>\n\t\t\t\t\t<\/div>\n\t\t<\/div>\n\t\t\t\t\t<\/div>\n\t\t<\/section>\n\t\t\t\t\t<\/div>\n\t\t<\/div>\n\t\t\t\t\t<\/div>\n\t\t<\/section>\n\t\t\t\t<section class=\"elementor-section elementor-top-section elementor-element elementor-element-a18c4c8 elementor-section-boxed elementor-section-height-default elementor-section-height-default\" data-id=\"a18c4c8\" data-element_type=\"section\" data-e-type=\"section\">\n\t\t\t\t\t\t<div class=\"elementor-container elementor-column-gap-default\">\n\t\t\t\t\t<div class=\"elementor-column elementor-col-100 elementor-top-column elementor-element elementor-element-bc7335e\" data-id=\"bc7335e\" data-element_type=\"column\" data-e-type=\"column\">\n\t\t\t<div class=\"elementor-widget-wrap elementor-element-populated\">\n\t\t\t\t\t\t<div class=\"elementor-element elementor-element-c752926 elementor-widget elementor-widget-menu-anchor\" data-id=\"c752926\" data-element_type=\"widget\" data-e-type=\"widget\" data-widget_type=\"menu-anchor.default\">\n\t\t\t\t<div class=\"elementor-widget-container\">\n\t\t\t\t\t\t\t<div class=\"elementor-menu-anchor\" id=\"kontaktformular\"><\/div>\n\t\t\t\t\t\t<\/div>\n\t\t\t\t<\/div>\n\t\t\t\t<div class=\"elementor-element elementor-element-e3c1def elementor-widget elementor-widget-heading\" data-id=\"e3c1def\" data-element_type=\"widget\" data-e-type=\"widget\" data-widget_type=\"heading.default\">\n\t\t\t\t<div class=\"elementor-widget-container\">\n\t\t\t\t\t<h3 class=\"elementor-heading-title elementor-size-default\">Ihre Nachricht an das Rottweiler-Team<\/h3>\t\t\t\t<\/div>\n\t\t\t\t<\/div>\n\t\t\t\t<div class=\"elementor-element elementor-element-9c36750 elementor-button-align-end elementor-widget elementor-widget-form\" data-id=\"9c36750\" data-element_type=\"widget\" data-e-type=\"widget\" data-settings=\"{&quot;button_width&quot;:&quot;100&quot;,&quot;step_next_label&quot;:&quot;N\\u00e4chster&quot;,&quot;step_previous_label&quot;:&quot;Voriger&quot;,&quot;step_type&quot;:&quot;number_text&quot;,&quot;step_icon_shape&quot;:&quot;circle&quot;}\" data-widget_type=\"form.default\">\n\t\t\t\t<div class=\"elementor-widget-container\">\n\t\t\t\t\t\t\t<form class=\"elementor-form\" method=\"post\" id=\"Kontakt_Formular\" name=\"Kontaktformular\" aria-label=\"Kontaktformular\">\n\t\t\t<input type=\"hidden\" name=\"post_id\" value=\"197\"\/>\n\t\t\t<input type=\"hidden\" name=\"form_id\" value=\"9c36750\"\/>\n\t\t\t<input type=\"hidden\" name=\"referer_title\" value=\"Kontakt - 49. ADRK Klubsiegerzuchtschau\" \/>\n\n\t\t\t\t\t\t\t<input type=\"hidden\" name=\"queried_id\" value=\"197\"\/>\n\t\t\t\n\t\t\t<div class=\"elementor-form-fields-wrapper elementor-labels-\">\n\t\t\t\t\t\t\t\t<div class=\"elementor-field-type-text elementor-field-group elementor-column elementor-field-group-name elementor-col-50 elementor-field-required\">\n\t\t\t\t\t\t\t\t\t\t\t\t<label for=\"form-field-name\" class=\"elementor-field-label elementor-screen-only\">\n\t\t\t\t\t\t\t\tName\t\t\t\t\t\t\t<\/label>\n\t\t\t\t\t\t\t\t\t\t\t\t\t\t<input size=\"1\" type=\"text\" name=\"form_fields[name]\" id=\"form-field-name\" class=\"elementor-field elementor-size-md  elementor-field-textual\" placeholder=\"Name*\" required=\"required\">\n\t\t\t\t\t\t\t\t\t\t\t<\/div>\n\t\t\t\t\t\t\t\t<div class=\"elementor-field-type-text elementor-field-group elementor-column elementor-field-group-7a465f1 elementor-col-50 elementor-field-required\">\n\t\t\t\t\t\t\t\t\t\t\t\t<label for=\"form-field-7a465f1\" class=\"elementor-field-label elementor-screen-only\">\n\t\t\t\t\t\t\t\tVorname\t\t\t\t\t\t\t<\/label>\n\t\t\t\t\t\t\t\t\t\t\t\t\t\t<input size=\"1\" type=\"text\" name=\"form_fields[7a465f1]\" id=\"form-field-7a465f1\" class=\"elementor-field elementor-size-md  elementor-field-textual\" placeholder=\"Vorname*\" required=\"required\">\n\t\t\t\t\t\t\t\t\t\t\t<\/div>\n\t\t\t\t\t\t\t\t<div class=\"elementor-field-type-email elementor-field-group elementor-column elementor-field-group-email elementor-col-50 elementor-field-required\">\n\t\t\t\t\t\t\t\t\t\t\t\t<label for=\"form-field-email\" class=\"elementor-field-label elementor-screen-only\">\n\t\t\t\t\t\t\t\tE-Mail\t\t\t\t\t\t\t<\/label>\n\t\t\t\t\t\t\t\t\t\t\t\t\t\t<input size=\"1\" type=\"email\" name=\"form_fields[email]\" id=\"form-field-email\" class=\"elementor-field elementor-size-md  elementor-field-textual\" placeholder=\"E-Mail*\" required=\"required\">\n\t\t\t\t\t\t\t\t\t\t\t<\/div>\n\t\t\t\t\t\t\t\t<div class=\"elementor-field-type-number elementor-field-group elementor-column elementor-field-group-3b2192f elementor-col-50\">\n\t\t\t\t\t\t\t\t\t\t\t\t<label for=\"form-field-3b2192f\" class=\"elementor-field-label elementor-screen-only\">\n\t\t\t\t\t\t\t\tTelefon\t\t\t\t\t\t\t<\/label>\n\t\t\t\t\t\t\t\t\t<input type=\"number\" name=\"form_fields[3b2192f]\" id=\"form-field-3b2192f\" class=\"elementor-field elementor-size-md  elementor-field-textual\" placeholder=\"Telefonnummer\" min=\"\" max=\"\" >\n\t\t\t\t\t\t<\/div>\n\t\t\t\t\t\t\t\t<div class=\"elementor-field-type-textarea elementor-field-group elementor-column elementor-field-group-message elementor-col-100\">\n\t\t\t\t\t\t\t\t\t\t\t\t<label for=\"form-field-message\" class=\"elementor-field-label elementor-screen-only\">\n\t\t\t\t\t\t\t\tMessage\t\t\t\t\t\t\t<\/label>\n\t\t\t\t\t\t<textarea class=\"elementor-field-textual elementor-field  elementor-size-md\" name=\"form_fields[message]\" id=\"form-field-message\" rows=\"6\" placeholder=\"Ihre Nachricht an uns\"><\/textarea>\t\t\t\t<\/div>\n\t\t\t\t\t\t\t\t<div class=\"elementor-field-group elementor-column elementor-field-type-submit elementor-col-100 e-form__buttons\">\n\t\t\t\t\t<button class=\"elementor-button elementor-size-md\" type=\"submit\">\n\t\t\t\t\t\t<span class=\"elementor-button-content-wrapper\">\n\t\t\t\t\t\t\t\t\t\t\t\t\t\t\t<span class=\"elementor-button-icon\">\n\t\t\t\t\t\t\t\t\t<i class=\"fa fa-envelope-o\" aria-hidden=\"true\"><\/i>\t\t\t\t\t\t\t\t\t\t\t\t\t\t\t\t\t<\/span>\n\t\t\t\t\t\t\t\t\t\t\t\t\t\t\t\t\t\t\t\t\t\t<span class=\"elementor-button-text\">Abschicken<\/span>\n\t\t\t\t\t\t\t\t\t\t\t\t\t<\/span>\n\t\t\t\t\t<\/button>\n\t\t\t\t<\/div>\n\t\t\t<\/div>\n\t\t<\/form>\n\t\t\t\t\t\t<\/div>\n\t\t\t\t<\/div>\n\t\t\t\t\t<\/div>\n\t\t<\/div>\n\t\t\t\t\t<\/div>\n\t\t<\/section>\n\t\t\t\t<\/div>\n\t\t","protected":false},"excerpt":{"rendered":"<p>Kontakt Wir freuen uns auf eine wundersch\u00f6nes Wochenende in B\u00fcckeburg!Falls Sie R\u00fcckfragen zur Organisation, Programm oder Sonstigen haben, nutzen Sie bitte unser Kontaktformular. Die Meldungen zu den Schauen finden Sie hier: Meldung 1. Donatus-SchauMeldung 49. Klubsieger-Zuchtschau\u00a0 \u00a0 \u00a0 \u00a0 \u00a0 \u00a0 \u00a0 \u00a0 \u00a0 \u00a0 \u00a0 \u00a0 \u00a0 \u00a0 \u00a0 \u00a0 \u00a0 \u00a0 \u00a0 \u00a0 &hellip; <\/p>\n<p class=\"link-more\"><a href=\"https:\/\/www.ksz2019.de\/english\/kontakt\/\" class=\"more-link\">Continue reading<span class=\"screen-reader-text\"> &#8220;Kontakt&#8221;<\/span><\/a><\/p>","protected":false},"author":1,"featured_media":0,"parent":0,"menu_order":0,"comment_status":"closed","ping_status":"closed","template":"elementor_header_footer","meta":{"inline_featured_image":false,"footnotes":""},"class_list":["post-197","page","type-page","status-publish","hentry"],"yoast_head":"<!-- This site is optimized with the Yoast SEO plugin v27.4 - https:\/\/yoast.com\/product\/yoast-seo-wordpress\/ -->\n<title>Kontakt - 49. ADRK Klubsiegerzuchtschau<\/title>\n<meta name=\"robots\" content=\"index, follow, max-snippet:-1, max-image-preview:large, max-video-preview:-1\" \/>\n<link rel=\"canonical\" href=\"https:\/\/www.ksz2019.de\/english\/kontakt\/\" \/>\n<meta property=\"og:locale\" content=\"en_GB\" \/>\n<meta property=\"og:type\" content=\"article\" \/>\n<meta property=\"og:title\" content=\"Kontakt - 49. ADRK Klubsiegerzuchtschau\" \/>\n<meta property=\"og:description\" content=\"Kontakt Wir freuen uns auf eine wundersch\u00f6nes Wochenende in B\u00fcckeburg!Falls Sie R\u00fcckfragen zur Organisation, Programm oder Sonstigen haben, nutzen Sie bitte unser Kontaktformular. Die Meldungen zu den Schauen finden Sie hier: Meldung 1. Donatus-SchauMeldung 49. Klubsieger-Zuchtschau\u00a0 \u00a0 \u00a0 \u00a0 \u00a0 \u00a0 \u00a0 \u00a0 \u00a0 \u00a0 \u00a0 \u00a0 \u00a0 \u00a0 \u00a0 \u00a0 \u00a0 \u00a0 \u00a0 \u00a0 &hellip; Continue reading &quot;Kontakt&quot;\" \/>\n<meta property=\"og:url\" content=\"https:\/\/www.ksz2019.de\/english\/kontakt\/\" \/>\n<meta property=\"og:site_name\" content=\"49. ADRK Klubsiegerzuchtschau\" \/>\n<meta property=\"article:modified_time\" content=\"2019-05-29T14:48:45+00:00\" \/>\n<meta property=\"og:image\" content=\"https:\/\/www.ksz2019.de\/wp-content\/uploads\/2019\/03\/Cherny_ritsar_djurdana.jpg\" \/>\n<meta name=\"twitter:card\" content=\"summary_large_image\" \/>\n<meta name=\"twitter:label1\" content=\"Estimated reading time\" \/>\n\t<meta name=\"twitter:data1\" content=\"1 minute\" \/>\n<script type=\"application\/ld+json\" class=\"yoast-schema-graph\">{\"@context\":\"https:\\\/\\\/schema.org\",\"@graph\":[{\"@type\":\"WebPage\",\"@id\":\"https:\\\/\\\/www.ksz2019.de\\\/kontakt\\\/\",\"url\":\"https:\\\/\\\/www.ksz2019.de\\\/kontakt\\\/\",\"name\":\"Kontakt - 49. ADRK Klubsiegerzuchtschau\",\"isPartOf\":{\"@id\":\"https:\\\/\\\/www.ksz2019.de\\\/#website\"},\"primaryImageOfPage\":{\"@id\":\"https:\\\/\\\/www.ksz2019.de\\\/kontakt\\\/#primaryimage\"},\"image\":{\"@id\":\"https:\\\/\\\/www.ksz2019.de\\\/kontakt\\\/#primaryimage\"},\"thumbnailUrl\":\"https:\\\/\\\/www.ksz2019.de\\\/wp-content\\\/uploads\\\/2019\\\/03\\\/Cherny_ritsar_djurdana.jpg\",\"datePublished\":\"2019-03-13T16:29:00+00:00\",\"dateModified\":\"2019-05-29T14:48:45+00:00\",\"breadcrumb\":{\"@id\":\"https:\\\/\\\/www.ksz2019.de\\\/kontakt\\\/#breadcrumb\"},\"inLanguage\":\"en-GB\",\"potentialAction\":[{\"@type\":\"ReadAction\",\"target\":[\"https:\\\/\\\/www.ksz2019.de\\\/kontakt\\\/\"]}]},{\"@type\":\"ImageObject\",\"inLanguage\":\"en-GB\",\"@id\":\"https:\\\/\\\/www.ksz2019.de\\\/kontakt\\\/#primaryimage\",\"url\":\"https:\\\/\\\/www.ksz2019.de\\\/wp-content\\\/uploads\\\/2019\\\/03\\\/Cherny_ritsar_djurdana.jpg\",\"contentUrl\":\"https:\\\/\\\/www.ksz2019.de\\\/wp-content\\\/uploads\\\/2019\\\/03\\\/Cherny_ritsar_djurdana.jpg\"},{\"@type\":\"BreadcrumbList\",\"@id\":\"https:\\\/\\\/www.ksz2019.de\\\/kontakt\\\/#breadcrumb\",\"itemListElement\":[{\"@type\":\"ListItem\",\"position\":1,\"name\":\"Startseite\",\"item\":\"https:\\\/\\\/www.ksz2019.de\\\/\"},{\"@type\":\"ListItem\",\"position\":2,\"name\":\"Kontakt\"}]},{\"@type\":\"WebSite\",\"@id\":\"https:\\\/\\\/www.ksz2019.de\\\/#website\",\"url\":\"https:\\\/\\\/www.ksz2019.de\\\/\",\"name\":\"49. ADRK Klubsiegerzuchtschau\",\"description\":\"\",\"publisher\":{\"@id\":\"https:\\\/\\\/www.ksz2019.de\\\/#organization\"},\"potentialAction\":[{\"@type\":\"SearchAction\",\"target\":{\"@type\":\"EntryPoint\",\"urlTemplate\":\"https:\\\/\\\/www.ksz2019.de\\\/?s={search_term_string}\"},\"query-input\":{\"@type\":\"PropertyValueSpecification\",\"valueRequired\":true,\"valueName\":\"search_term_string\"}}],\"inLanguage\":\"en-GB\"},{\"@type\":\"Organization\",\"@id\":\"https:\\\/\\\/www.ksz2019.de\\\/#organization\",\"name\":\"49. ADRK Klubsiegerzuchtschau\",\"url\":\"https:\\\/\\\/www.ksz2019.de\\\/\",\"logo\":{\"@type\":\"ImageObject\",\"inLanguage\":\"en-GB\",\"@id\":\"https:\\\/\\\/www.ksz2019.de\\\/#\\\/schema\\\/logo\\\/image\\\/\",\"url\":\"https:\\\/\\\/www.ksz2019.de\\\/wp-content\\\/uploads\\\/2019\\\/04\\\/cropped-Logo-ADRK-BG-Bueckeburg-grau-1.png\",\"contentUrl\":\"https:\\\/\\\/www.ksz2019.de\\\/wp-content\\\/uploads\\\/2019\\\/04\\\/cropped-Logo-ADRK-BG-Bueckeburg-grau-1.png\",\"width\":530,\"height\":250,\"caption\":\"49. ADRK Klubsiegerzuchtschau\"},\"image\":{\"@id\":\"https:\\\/\\\/www.ksz2019.de\\\/#\\\/schema\\\/logo\\\/image\\\/\"}}]}<\/script>\n<!-- \/ Yoast SEO plugin. -->","yoast_head_json":{"title":"Kontakt - 49. ADRK Klubsiegerzuchtschau","robots":{"index":"index","follow":"follow","max-snippet":"max-snippet:-1","max-image-preview":"max-image-preview:large","max-video-preview":"max-video-preview:-1"},"canonical":"https:\/\/www.ksz2019.de\/english\/kontakt\/","og_locale":"en_GB","og_type":"article","og_title":"Kontakt - 49. ADRK Klubsiegerzuchtschau","og_description":"Kontakt Wir freuen uns auf eine wundersch\u00f6nes Wochenende in B\u00fcckeburg!Falls Sie R\u00fcckfragen zur Organisation, Programm oder Sonstigen haben, nutzen Sie bitte unser Kontaktformular. Die Meldungen zu den Schauen finden Sie hier: Meldung 1. Donatus-SchauMeldung 49. Klubsieger-Zuchtschau\u00a0 \u00a0 \u00a0 \u00a0 \u00a0 \u00a0 \u00a0 \u00a0 \u00a0 \u00a0 \u00a0 \u00a0 \u00a0 \u00a0 \u00a0 \u00a0 \u00a0 \u00a0 \u00a0 \u00a0 &hellip; Continue reading \"Kontakt\"","og_url":"https:\/\/www.ksz2019.de\/english\/kontakt\/","og_site_name":"49. ADRK Klubsiegerzuchtschau","article_modified_time":"2019-05-29T14:48:45+00:00","og_image":[{"url":"https:\/\/www.ksz2019.de\/wp-content\/uploads\/2019\/03\/Cherny_ritsar_djurdana.jpg","type":"","width":"","height":""}],"twitter_card":"summary_large_image","twitter_misc":{"Estimated reading time":"1 minute"},"schema":{"@context":"https:\/\/schema.org","@graph":[{"@type":"WebPage","@id":"https:\/\/www.ksz2019.de\/kontakt\/","url":"https:\/\/www.ksz2019.de\/kontakt\/","name":"Kontakt - 49. ADRK Klubsiegerzuchtschau","isPartOf":{"@id":"https:\/\/www.ksz2019.de\/#website"},"primaryImageOfPage":{"@id":"https:\/\/www.ksz2019.de\/kontakt\/#primaryimage"},"image":{"@id":"https:\/\/www.ksz2019.de\/kontakt\/#primaryimage"},"thumbnailUrl":"https:\/\/www.ksz2019.de\/wp-content\/uploads\/2019\/03\/Cherny_ritsar_djurdana.jpg","datePublished":"2019-03-13T16:29:00+00:00","dateModified":"2019-05-29T14:48:45+00:00","breadcrumb":{"@id":"https:\/\/www.ksz2019.de\/kontakt\/#breadcrumb"},"inLanguage":"en-GB","potentialAction":[{"@type":"ReadAction","target":["https:\/\/www.ksz2019.de\/kontakt\/"]}]},{"@type":"ImageObject","inLanguage":"en-GB","@id":"https:\/\/www.ksz2019.de\/kontakt\/#primaryimage","url":"https:\/\/www.ksz2019.de\/wp-content\/uploads\/2019\/03\/Cherny_ritsar_djurdana.jpg","contentUrl":"https:\/\/www.ksz2019.de\/wp-content\/uploads\/2019\/03\/Cherny_ritsar_djurdana.jpg"},{"@type":"BreadcrumbList","@id":"https:\/\/www.ksz2019.de\/kontakt\/#breadcrumb","itemListElement":[{"@type":"ListItem","position":1,"name":"Startseite","item":"https:\/\/www.ksz2019.de\/"},{"@type":"ListItem","position":2,"name":"Kontakt"}]},{"@type":"WebSite","@id":"https:\/\/www.ksz2019.de\/#website","url":"https:\/\/www.ksz2019.de\/","name":"49th ADRK Klubsiegerzuchtschau","description":"","publisher":{"@id":"https:\/\/www.ksz2019.de\/#organization"},"potentialAction":[{"@type":"SearchAction","target":{"@type":"EntryPoint","urlTemplate":"https:\/\/www.ksz2019.de\/?s={search_term_string}"},"query-input":{"@type":"PropertyValueSpecification","valueRequired":true,"valueName":"search_term_string"}}],"inLanguage":"en-GB"},{"@type":"Organization","@id":"https:\/\/www.ksz2019.de\/#organization","name":"49th ADRK Klubsiegerzuchtschau","url":"https:\/\/www.ksz2019.de\/","logo":{"@type":"ImageObject","inLanguage":"en-GB","@id":"https:\/\/www.ksz2019.de\/#\/schema\/logo\/image\/","url":"https:\/\/www.ksz2019.de\/wp-content\/uploads\/2019\/04\/cropped-Logo-ADRK-BG-Bueckeburg-grau-1.png","contentUrl":"https:\/\/www.ksz2019.de\/wp-content\/uploads\/2019\/04\/cropped-Logo-ADRK-BG-Bueckeburg-grau-1.png","width":530,"height":250,"caption":"49. ADRK Klubsiegerzuchtschau"},"image":{"@id":"https:\/\/www.ksz2019.de\/#\/schema\/logo\/image\/"}}]}},"_links":{"self":[{"href":"https:\/\/www.ksz2019.de\/english\/wp-json\/wp\/v2\/pages\/197","targetHints":{"allow":["GET"]}}],"collection":[{"href":"https:\/\/www.ksz2019.de\/english\/wp-json\/wp\/v2\/pages"}],"about":[{"href":"https:\/\/www.ksz2019.de\/english\/wp-json\/wp\/v2\/types\/page"}],"author":[{"embeddable":true,"href":"https:\/\/www.ksz2019.de\/english\/wp-json\/wp\/v2\/users\/1"}],"replies":[{"embeddable":true,"href":"https:\/\/www.ksz2019.de\/english\/wp-json\/wp\/v2\/comments?post=197"}],"version-history":[{"count":56,"href":"https:\/\/www.ksz2019.de\/english\/wp-json\/wp\/v2\/pages\/197\/revisions"}],"predecessor-version":[{"id":1281,"href":"https:\/\/www.ksz2019.de\/english\/wp-json\/wp\/v2\/pages\/197\/revisions\/1281"}],"wp:attachment":[{"href":"https:\/\/www.ksz2019.de\/english\/wp-json\/wp\/v2\/media?parent=197"}],"curies":[{"name":"wp","href":"https:\/\/api.w.org\/{rel}","templated":true}]}}